{"id":3034,"date":"2025-02-04T15:55:08","date_gmt":"2025-02-04T11:55:08","guid":{"rendered":"https:\/\/hgns.az\/vekiller\/"},"modified":"2026-02-19T12:58:45","modified_gmt":"2026-02-19T08:58:45","slug":"vekiller","status":"publish","type":"page","link":"https:\/\/hgns.az\/az\/vekiller\/","title":{"rendered":"V\u018fK\u0130LL\u018fR"},"content":{"rendered":"\t\t<div data-elementor-type=\"wp-page\" data-elementor-id=\"3034\" class=\"elementor elementor-3034 elementor-32\" data-elementor-post-type=\"page\">\n\t\t\t\t<div class=\"elementor-element elementor-element-b76e63c e-flex e-con-boxed e-con e-parent\" data-id=\"b76e63c\" data-element_type=\"container\" data-settings=\"{&quot;background_background&quot;:&quot;classic&quot;}\">\n\t\t\t\t\t<div class=\"e-con-inner\">\n\t\t\t\t<div class=\"elementor-element elementor-element-8464ef3 elementor-widget elementor-widget-eael-breadcrumbs\" data-id=\"8464ef3\" data-element_type=\"widget\" data-widget_type=\"eael-breadcrumbs.default\">\n\t\t\t\t<div class=\"elementor-widget-container\">\n\t\t\t\t\t\t\t<div class=\"eael-breadcrumbs\">\n\t\t\t<div class=\"eael-breadcrumbs__content\"><a href=\"https:\/\/hgns.az\/az\/\">\u018fsas<\/a> <span class=\"eael-breadcrumb-separator\">\/<\/span> <span class = \"eael-current\">S\u0259hif\u0259<\/span><\/div>\t\t<\/div>\n\t\t\t\t\t\t<\/div>\n\t\t\t\t<\/div>\n\t\t\t\t\t<\/div>\n\t\t\t\t<\/div>\n\t\t<div class=\"elementor-element elementor-element-17458d5 e-flex e-con-boxed e-con e-parent\" data-id=\"17458d5\" data-element_type=\"container\">\n\t\t\t\t\t<div class=\"e-con-inner\">\n\t\t\t\t<div class=\"elementor-element elementor-element-5b670a5 elementor-widget elementor-widget-heading\" data-id=\"5b670a5\" data-element_type=\"widget\" data-widget_type=\"heading.default\">\n\t\t\t\t<div class=\"elementor-widget-container\">\n\t\t\t\t\t<h1 class=\"elementor-heading-title elementor-size-default\">V\u018fK\u0130LL\u018fR<\/h1>\t\t\t\t<\/div>\n\t\t\t\t<\/div>\n\t\t<div class=\"elementor-element elementor-element-0081048 e-con-full e-flex e-con e-child\" data-id=\"0081048\" data-element_type=\"container\">\n\t\t<div class=\"elementor-element elementor-element-8116005 e-con-full e-flex e-con e-child\" data-id=\"8116005\" data-element_type=\"container\">\n\t\t\t\t<div class=\"elementor-element elementor-element-66dece9 elementor-widget elementor-widget-image\" data-id=\"66dece9\" data-element_type=\"widget\" data-widget_type=\"image.default\">\n\t\t\t\t<div class=\"elementor-widget-container\">\n\t\t\t\t\t\t\t\t\t\t\t\t\t\t\t<img fetchpriority=\"high\" decoding=\"async\" width=\"271\" height=\"312\" src=\"https:\/\/hgns.az\/wp-content\/uploads\/2025\/05\/Hasan.png\" class=\"attachment-large size-large wp-image-2498\" alt=\"\" srcset=\"https:\/\/hgns.az\/wp-content\/uploads\/2025\/05\/Hasan.png 271w, https:\/\/hgns.az\/wp-content\/uploads\/2025\/05\/Hasan-261x300.png 261w\" sizes=\"(max-width: 271px) 100vw, 271px\" \/>\t\t\t\t\t\t\t\t\t\t\t\t\t\t\t<\/div>\n\t\t\t\t<\/div>\n\t\t\t\t<div class=\"elementor-element elementor-element-d655e26 elementor-widget elementor-widget-heading\" data-id=\"d655e26\" data-element_type=\"widget\" data-widget_type=\"heading.default\">\n\t\t\t\t<div class=\"elementor-widget-container\">\n\t\t\t\t\t<h2 class=\"elementor-heading-title elementor-size-default\">H\u0259s\u0259n Q. N\u0259sibov<\/h2>\t\t\t\t<\/div>\n\t\t\t\t<\/div>\n\t\t\t\t<div class=\"elementor-element elementor-element-40fcf7e elementor-widget elementor-widget-heading\" data-id=\"40fcf7e\" data-element_type=\"widget\" data-widget_type=\"heading.default\">\n\t\t\t\t<div class=\"elementor-widget-container\">\n\t\t\t\t\t<p class=\"elementor-heading-title elementor-size-default\">Ba\u015f T\u0259r\u0259fda\u015f<\/p>\t\t\t\t<\/div>\n\t\t\t\t<\/div>\n\t\t\t\t<div class=\"elementor-element elementor-element-7d3eadd elementor-widget elementor-widget-button\" data-id=\"7d3eadd\" data-element_type=\"widget\" data-widget_type=\"button.default\">\n\t\t\t\t<div class=\"elementor-widget-container\">\n\t\t\t\t\t\t\t\t\t<div class=\"elementor-button-wrapper\">\n\t\t\t\t\t<a class=\"elementor-button elementor-button-link elementor-size-sm\" href=\"https:\/\/hgns.az\/az\/partner\/h%c9%99s%c9%99n-n%c9%99sibov\/\">\n\t\t\t\t\t\t<span class=\"elementor-button-content-wrapper\">\n\t\t\t\t\t\t\t\t\t<span class=\"elementor-button-text\">\u018ftrafl\u0131 oxu<\/span>\n\t\t\t\t\t<\/span>\n\t\t\t\t\t<\/a>\n\t\t\t\t<\/div>\n\t\t\t\t\t\t\t\t<\/div>\n\t\t\t\t<\/div>\n\t\t\t\t<\/div>\n\t\t<div class=\"elementor-element elementor-element-ef23da3 e-con-full e-flex e-con e-child\" data-id=\"ef23da3\" data-element_type=\"container\">\n\t\t\t\t<div class=\"elementor-element elementor-element-7883a5d elementor-widget elementor-widget-image\" data-id=\"7883a5d\" data-element_type=\"widget\" data-widget_type=\"image.default\">\n\t\t\t\t<div class=\"elementor-widget-container\">\n\t\t\t\t\t\t\t\t\t\t\t\t\t\t\t<img decoding=\"async\" width=\"1024\" height=\"1024\" src=\"https:\/\/hgns.az\/wp-content\/uploads\/2025\/02\/Nihad-Aliyev-1024x1024.webp\" class=\"attachment-large size-large wp-image-1398\" alt=\"\" srcset=\"https:\/\/hgns.az\/wp-content\/uploads\/2025\/02\/Nihad-Aliyev-1024x1024.webp 1024w, https:\/\/hgns.az\/wp-content\/uploads\/2025\/02\/Nihad-Aliyev-300x300.webp 300w, https:\/\/hgns.az\/wp-content\/uploads\/2025\/02\/Nihad-Aliyev-150x150.webp 150w, https:\/\/hgns.az\/wp-content\/uploads\/2025\/02\/Nihad-Aliyev-768x768.webp 768w, https:\/\/hgns.az\/wp-content\/uploads\/2025\/02\/Nihad-Aliyev-1536x1536.webp 1536w, https:\/\/hgns.az\/wp-content\/uploads\/2025\/02\/Nihad-Aliyev-600x600.webp 600w, https:\/\/hgns.az\/wp-content\/uploads\/2025\/02\/Nihad-Aliyev-100x100.webp 100w, https:\/\/hgns.az\/wp-content\/uploads\/2025\/02\/Nihad-Aliyev.webp 2032w\" sizes=\"(max-width: 1024px) 100vw, 1024px\" \/>\t\t\t\t\t\t\t\t\t\t\t\t\t\t\t<\/div>\n\t\t\t\t<\/div>\n\t\t\t\t<div class=\"elementor-element elementor-element-ab5bc5d elementor-widget elementor-widget-heading\" data-id=\"ab5bc5d\" data-element_type=\"widget\" data-widget_type=\"heading.default\">\n\t\t\t\t<div class=\"elementor-widget-container\">\n\t\t\t\t\t<h2 class=\"elementor-heading-title elementor-size-default\">Nihad S. \u018fliyev<\/h2>\t\t\t\t<\/div>\n\t\t\t\t<\/div>\n\t\t\t\t<div class=\"elementor-element elementor-element-85a842a elementor-widget elementor-widget-heading\" data-id=\"85a842a\" data-element_type=\"widget\" data-widget_type=\"heading.default\">\n\t\t\t\t<div class=\"elementor-widget-container\">\n\t\t\t\t\t<p class=\"elementor-heading-title elementor-size-default\">T\u0259r\u0259fda\u015f<\/p>\t\t\t\t<\/div>\n\t\t\t\t<\/div>\n\t\t\t\t<div class=\"elementor-element elementor-element-0d77504 elementor-widget elementor-widget-button\" data-id=\"0d77504\" data-element_type=\"widget\" data-widget_type=\"button.default\">\n\t\t\t\t<div class=\"elementor-widget-container\">\n\t\t\t\t\t\t\t\t\t<div class=\"elementor-button-wrapper\">\n\t\t\t\t\t<a class=\"elementor-button elementor-button-link elementor-size-sm\" href=\"https:\/\/hgns.az\/az\/partner\/nihad-eliyev\/\">\n\t\t\t\t\t\t<span class=\"elementor-button-content-wrapper\">\n\t\t\t\t\t\t\t\t\t<span class=\"elementor-button-text\">\u018ftrafl\u0131 oxu<\/span>\n\t\t\t\t\t<\/span>\n\t\t\t\t\t<\/a>\n\t\t\t\t<\/div>\n\t\t\t\t\t\t\t\t<\/div>\n\t\t\t\t<\/div>\n\t\t\t\t<\/div>\n\t\t\t\t<\/div>\n\t\t<div class=\"elementor-element elementor-element-e4cea68 e-con-full e-flex e-con e-child\" data-id=\"e4cea68\" data-element_type=\"container\">\n\t\t<div class=\"elementor-element elementor-element-01f87ec e-con-full e-flex e-con e-child\" data-id=\"01f87ec\" data-element_type=\"container\">\n\t\t\t\t<div class=\"elementor-element elementor-element-063f0c0 elementor-widget elementor-widget-image\" data-id=\"063f0c0\" data-element_type=\"widget\" data-widget_type=\"image.default\">\n\t\t\t\t<div class=\"elementor-widget-container\">\n\t\t\t\t\t\t\t\t\t\t\t\t\t\t\t<img decoding=\"async\" width=\"889\" height=\"1024\" src=\"https:\/\/hgns.az\/wp-content\/uploads\/2025\/05\/Shahin-889x1024.png\" class=\"attachment-large size-large wp-image-2501\" alt=\"\" srcset=\"https:\/\/hgns.az\/wp-content\/uploads\/2025\/05\/Shahin-889x1024.png 889w, https:\/\/hgns.az\/wp-content\/uploads\/2025\/05\/Shahin-260x300.png 260w, https:\/\/hgns.az\/wp-content\/uploads\/2025\/05\/Shahin-768x885.png 768w, https:\/\/hgns.az\/wp-content\/uploads\/2025\/05\/Shahin-600x691.png 600w, https:\/\/hgns.az\/wp-content\/uploads\/2025\/05\/Shahin.png 1082w\" sizes=\"(max-width: 889px) 100vw, 889px\" \/>\t\t\t\t\t\t\t\t\t\t\t\t\t\t\t<\/div>\n\t\t\t\t<\/div>\n\t\t\t\t<div class=\"elementor-element elementor-element-3e71d67 elementor-widget elementor-widget-heading\" data-id=\"3e71d67\" data-element_type=\"widget\" data-widget_type=\"heading.default\">\n\t\t\t\t<div class=\"elementor-widget-container\">\n\t\t\t\t\t<h2 class=\"elementor-heading-title elementor-size-default\">\u015eahin M. Dada\u015fov<\/h2>\t\t\t\t<\/div>\n\t\t\t\t<\/div>\n\t\t\t\t<div class=\"elementor-element elementor-element-3765a61 elementor-widget elementor-widget-heading\" data-id=\"3765a61\" data-element_type=\"widget\" data-widget_type=\"heading.default\">\n\t\t\t\t<div class=\"elementor-widget-container\">\n\t\t\t\t\t<p class=\"elementor-heading-title elementor-size-default\">V\u0259kil<\/p>\t\t\t\t<\/div>\n\t\t\t\t<\/div>\n\t\t\t\t<div class=\"elementor-element elementor-element-c932fd8 elementor-widget elementor-widget-button\" data-id=\"c932fd8\" data-element_type=\"widget\" data-widget_type=\"button.default\">\n\t\t\t\t<div class=\"elementor-widget-container\">\n\t\t\t\t\t\t\t\t\t<div class=\"elementor-button-wrapper\">\n\t\t\t\t\t<a class=\"elementor-button elementor-button-link elementor-size-sm\" href=\"https:\/\/hgns.az\/az\/partner\/dadasov-sahin\/\">\n\t\t\t\t\t\t<span class=\"elementor-button-content-wrapper\">\n\t\t\t\t\t\t\t\t\t<span class=\"elementor-button-text\">\u018ftrafl\u0131 oxu<\/span>\n\t\t\t\t\t<\/span>\n\t\t\t\t\t<\/a>\n\t\t\t\t<\/div>\n\t\t\t\t\t\t\t\t<\/div>\n\t\t\t\t<\/div>\n\t\t\t\t<\/div>\n\t\t<div class=\"elementor-element elementor-element-417baa1 e-con-full e-flex e-con e-child\" data-id=\"417baa1\" data-element_type=\"container\">\n\t\t\t\t<div class=\"elementor-element elementor-element-3849b13 elementor-widget elementor-widget-image\" data-id=\"3849b13\" data-element_type=\"widget\" data-widget_type=\"image.default\">\n\t\t\t\t<div class=\"elementor-widget-container\">\n\t\t\t\t\t\t\t\t\t\t\t\t\t\t\t<img loading=\"lazy\" decoding=\"async\" width=\"1024\" height=\"950\" src=\"https:\/\/hgns.az\/wp-content\/uploads\/2025\/04\/a9974b0dfaeb6c154457fcef7444671397b963c4-1024x950.jpg\" class=\"attachment-large size-large wp-image-1953\" alt=\"\" srcset=\"https:\/\/hgns.az\/wp-content\/uploads\/2025\/04\/a9974b0dfaeb6c154457fcef7444671397b963c4-1024x950.jpg 1024w, https:\/\/hgns.az\/wp-content\/uploads\/2025\/04\/a9974b0dfaeb6c154457fcef7444671397b963c4-300x278.jpg 300w, https:\/\/hgns.az\/wp-content\/uploads\/2025\/04\/a9974b0dfaeb6c154457fcef7444671397b963c4-768x713.jpg 768w, https:\/\/hgns.az\/wp-content\/uploads\/2025\/04\/a9974b0dfaeb6c154457fcef7444671397b963c4-1536x1425.jpg 1536w, https:\/\/hgns.az\/wp-content\/uploads\/2025\/04\/a9974b0dfaeb6c154457fcef7444671397b963c4-2048x1900.jpg 2048w, https:\/\/hgns.az\/wp-content\/uploads\/2025\/04\/a9974b0dfaeb6c154457fcef7444671397b963c4-600x557.jpg 600w\" sizes=\"(max-width: 1024px) 100vw, 1024px\" \/>\t\t\t\t\t\t\t\t\t\t\t\t\t\t\t<\/div>\n\t\t\t\t<\/div>\n\t\t\t\t<div class=\"elementor-element elementor-element-b461af9 elementor-widget elementor-widget-heading\" data-id=\"b461af9\" data-element_type=\"widget\" data-widget_type=\"heading.default\">\n\t\t\t\t<div class=\"elementor-widget-container\">\n\t\t\t\t\t<h2 class=\"elementor-heading-title elementor-size-default\">\u0130lham A. M\u0259mm\u0259dov<\/h2>\t\t\t\t<\/div>\n\t\t\t\t<\/div>\n\t\t\t\t<div class=\"elementor-element elementor-element-97152c3 elementor-widget elementor-widget-heading\" data-id=\"97152c3\" data-element_type=\"widget\" data-widget_type=\"heading.default\">\n\t\t\t\t<div class=\"elementor-widget-container\">\n\t\t\t\t\t<p class=\"elementor-heading-title elementor-size-default\">V\u0259kil<\/p>\t\t\t\t<\/div>\n\t\t\t\t<\/div>\n\t\t\t\t<div class=\"elementor-element elementor-element-d3f147e elementor-widget elementor-widget-button\" data-id=\"d3f147e\" data-element_type=\"widget\" data-widget_type=\"button.default\">\n\t\t\t\t<div class=\"elementor-widget-container\">\n\t\t\t\t\t\t\t\t\t<div class=\"elementor-button-wrapper\">\n\t\t\t\t\t<a class=\"elementor-button elementor-button-link elementor-size-sm\" href=\"\/az\/partner\/m\u0259mm\u0259dov-ilham\/\">\n\t\t\t\t\t\t<span class=\"elementor-button-content-wrapper\">\n\t\t\t\t\t\t\t\t\t<span class=\"elementor-button-text\">\u018ftrafl\u0131 oxu<\/span>\n\t\t\t\t\t<\/span>\n\t\t\t\t\t<\/a>\n\t\t\t\t<\/div>\n\t\t\t\t\t\t\t\t<\/div>\n\t\t\t\t<\/div>\n\t\t\t\t<\/div>\n\t\t<div class=\"elementor-element elementor-element-decb14b e-con-full e-flex e-con e-child\" data-id=\"decb14b\" data-element_type=\"container\">\n\t\t\t\t<div class=\"elementor-element elementor-element-ce14aa4 elementor-widget elementor-widget-image\" data-id=\"ce14aa4\" data-element_type=\"widget\" data-widget_type=\"image.default\">\n\t\t\t\t<div class=\"elementor-widget-container\">\n\t\t\t\t\t\t\t\t\t\t\t\t\t\t\t<img loading=\"lazy\" decoding=\"async\" width=\"889\" height=\"1024\" src=\"https:\/\/hgns.az\/wp-content\/uploads\/2025\/02\/Anar-Asadov-889x1024.png\" class=\"attachment-large size-large wp-image-1541\" alt=\"\" srcset=\"https:\/\/hgns.az\/wp-content\/uploads\/2025\/02\/Anar-Asadov-889x1024.png 889w, https:\/\/hgns.az\/wp-content\/uploads\/2025\/02\/Anar-Asadov-260x300.png 260w, https:\/\/hgns.az\/wp-content\/uploads\/2025\/02\/Anar-Asadov-768x885.png 768w, https:\/\/hgns.az\/wp-content\/uploads\/2025\/02\/Anar-Asadov-600x691.png 600w, https:\/\/hgns.az\/wp-content\/uploads\/2025\/02\/Anar-Asadov.png 1082w\" sizes=\"(max-width: 889px) 100vw, 889px\" \/>\t\t\t\t\t\t\t\t\t\t\t\t\t\t\t<\/div>\n\t\t\t\t<\/div>\n\t\t\t\t<div class=\"elementor-element elementor-element-adae5d7 elementor-widget elementor-widget-heading\" data-id=\"adae5d7\" data-element_type=\"widget\" data-widget_type=\"heading.default\">\n\t\t\t\t<div class=\"elementor-widget-container\">\n\t\t\t\t\t<h2 class=\"elementor-heading-title elementor-size-default\">Anar V. \u018fs\u0259dov <\/h2>\t\t\t\t<\/div>\n\t\t\t\t<\/div>\n\t\t\t\t<div class=\"elementor-element elementor-element-12fc98e elementor-widget elementor-widget-heading\" data-id=\"12fc98e\" data-element_type=\"widget\" data-widget_type=\"heading.default\">\n\t\t\t\t<div class=\"elementor-widget-container\">\n\t\t\t\t\t<p class=\"elementor-heading-title elementor-size-default\">V\u0259kil<\/p>\t\t\t\t<\/div>\n\t\t\t\t<\/div>\n\t\t\t\t<div class=\"elementor-element elementor-element-65fc71b elementor-widget elementor-widget-button\" data-id=\"65fc71b\" data-element_type=\"widget\" data-widget_type=\"button.default\">\n\t\t\t\t<div class=\"elementor-widget-container\">\n\t\t\t\t\t\t\t\t\t<div class=\"elementor-button-wrapper\">\n\t\t\t\t\t<a class=\"elementor-button elementor-button-link elementor-size-sm\" href=\"https:\/\/hgns.az\/az\/partner\/anar-asadov\/\">\n\t\t\t\t\t\t<span class=\"elementor-button-content-wrapper\">\n\t\t\t\t\t\t\t\t\t<span class=\"elementor-button-text\">\u018ftrafl\u0131 oxu<\/span>\n\t\t\t\t\t<\/span>\n\t\t\t\t\t<\/a>\n\t\t\t\t<\/div>\n\t\t\t\t\t\t\t\t<\/div>\n\t\t\t\t<\/div>\n\t\t\t\t<\/div>\n\t\t\t\t<\/div>\n\t\t<div class=\"elementor-element elementor-element-8e93e29 e-con-full e-flex e-con e-child\" data-id=\"8e93e29\" data-element_type=\"container\">\n\t\t<div class=\"elementor-element elementor-element-85dc96a e-con-full e-flex e-con e-child\" data-id=\"85dc96a\" data-element_type=\"container\">\n\t\t\t\t<div class=\"elementor-element elementor-element-8deb33b elementor-widget elementor-widget-image\" data-id=\"8deb33b\" data-element_type=\"widget\" data-widget_type=\"image.default\">\n\t\t\t\t<div class=\"elementor-widget-container\">\n\t\t\t\t\t\t\t\t\t\t\t\t\t\t\t<img loading=\"lazy\" decoding=\"async\" width=\"889\" height=\"1024\" src=\"https:\/\/hgns.az\/wp-content\/uploads\/2025\/05\/Ayla-889x1024.png\" class=\"attachment-large size-large wp-image-2495\" alt=\"\" srcset=\"https:\/\/hgns.az\/wp-content\/uploads\/2025\/05\/Ayla-889x1024.png 889w, https:\/\/hgns.az\/wp-content\/uploads\/2025\/05\/Ayla-260x300.png 260w, https:\/\/hgns.az\/wp-content\/uploads\/2025\/05\/Ayla-768x885.png 768w, https:\/\/hgns.az\/wp-content\/uploads\/2025\/05\/Ayla-600x691.png 600w, https:\/\/hgns.az\/wp-content\/uploads\/2025\/05\/Ayla.png 1082w\" sizes=\"(max-width: 889px) 100vw, 889px\" \/>\t\t\t\t\t\t\t\t\t\t\t\t\t\t\t<\/div>\n\t\t\t\t<\/div>\n\t\t\t\t<div class=\"elementor-element elementor-element-670f4cd elementor-widget elementor-widget-heading\" data-id=\"670f4cd\" data-element_type=\"widget\" data-widget_type=\"heading.default\">\n\t\t\t\t<div class=\"elementor-widget-container\">\n\t\t\t\t\t<h2 class=\"elementor-heading-title elementor-size-default\">Ayla N. B\u0259kirzad\u0259<\/h2>\t\t\t\t<\/div>\n\t\t\t\t<\/div>\n\t\t\t\t<div class=\"elementor-element elementor-element-a40d6a9 elementor-widget elementor-widget-heading\" data-id=\"a40d6a9\" data-element_type=\"widget\" data-widget_type=\"heading.default\">\n\t\t\t\t<div class=\"elementor-widget-container\">\n\t\t\t\t\t<p class=\"elementor-heading-title elementor-size-default\">H\u00fcquq\u015f\u00fcnas <\/p>\t\t\t\t<\/div>\n\t\t\t\t<\/div>\n\t\t\t\t<div class=\"elementor-element elementor-element-5e871d3 elementor-widget elementor-widget-button\" data-id=\"5e871d3\" data-element_type=\"widget\" data-widget_type=\"button.default\">\n\t\t\t\t<div class=\"elementor-widget-container\">\n\t\t\t\t\t\t\t\t\t<div class=\"elementor-button-wrapper\">\n\t\t\t\t\t<a class=\"elementor-button elementor-button-link elementor-size-sm\" href=\"https:\/\/hgns.az\/az\/partner\/ayla-b%c9%99kirzad%c9%99\/\">\n\t\t\t\t\t\t<span class=\"elementor-button-content-wrapper\">\n\t\t\t\t\t\t\t\t\t<span class=\"elementor-button-text\">\u018ftrafl\u0131 oxu<\/span>\n\t\t\t\t\t<\/span>\n\t\t\t\t\t<\/a>\n\t\t\t\t<\/div>\n\t\t\t\t\t\t\t\t<\/div>\n\t\t\t\t<\/div>\n\t\t\t\t<\/div>\n\t\t<div class=\"elementor-element elementor-element-ce65629 e-con-full e-flex e-con e-child\" data-id=\"ce65629\" data-element_type=\"container\">\n\t\t\t\t<div class=\"elementor-element elementor-element-f2dbe16 elementor-widget elementor-widget-image\" data-id=\"f2dbe16\" data-element_type=\"widget\" data-widget_type=\"image.default\">\n\t\t\t\t<div class=\"elementor-widget-container\">\n\t\t\t\t\t\t\t\t\t\t\t\t\t\t\t<img loading=\"lazy\" decoding=\"async\" width=\"889\" height=\"1024\" src=\"https:\/\/hgns.az\/wp-content\/uploads\/2025\/02\/Selcan-Memmedli-889x1024.png\" class=\"attachment-large size-large wp-image-1532\" alt=\"\" srcset=\"https:\/\/hgns.az\/wp-content\/uploads\/2025\/02\/Selcan-Memmedli-889x1024.png 889w, https:\/\/hgns.az\/wp-content\/uploads\/2025\/02\/Selcan-Memmedli-260x300.png 260w, https:\/\/hgns.az\/wp-content\/uploads\/2025\/02\/Selcan-Memmedli-768x885.png 768w, https:\/\/hgns.az\/wp-content\/uploads\/2025\/02\/Selcan-Memmedli-600x691.png 600w, https:\/\/hgns.az\/wp-content\/uploads\/2025\/02\/Selcan-Memmedli.png 1082w\" sizes=\"(max-width: 889px) 100vw, 889px\" \/>\t\t\t\t\t\t\t\t\t\t\t\t\t\t\t<\/div>\n\t\t\t\t<\/div>\n\t\t\t\t<div class=\"elementor-element elementor-element-fd1e358 elementor-widget elementor-widget-heading\" data-id=\"fd1e358\" data-element_type=\"widget\" data-widget_type=\"heading.default\">\n\t\t\t\t<div class=\"elementor-widget-container\">\n\t\t\t\t\t<h2 class=\"elementor-heading-title elementor-size-default\">Selcan Z. M\u0259mm\u0259dli<\/h2>\t\t\t\t<\/div>\n\t\t\t\t<\/div>\n\t\t\t\t<div class=\"elementor-element elementor-element-0307f21 elementor-widget elementor-widget-heading\" data-id=\"0307f21\" data-element_type=\"widget\" data-widget_type=\"heading.default\">\n\t\t\t\t<div class=\"elementor-widget-container\">\n\t\t\t\t\t<p class=\"elementor-heading-title elementor-size-default\">H\u00fcquq\u015f\u00fcnas <\/p>\t\t\t\t<\/div>\n\t\t\t\t<\/div>\n\t\t\t\t<div class=\"elementor-element elementor-element-d06b2a5 elementor-widget elementor-widget-button\" data-id=\"d06b2a5\" data-element_type=\"widget\" data-widget_type=\"button.default\">\n\t\t\t\t<div class=\"elementor-widget-container\">\n\t\t\t\t\t\t\t\t\t<div class=\"elementor-button-wrapper\">\n\t\t\t\t\t<a class=\"elementor-button elementor-button-link elementor-size-sm\" href=\"\/az\/partner\/selcan-m\u0259mm\u0259dli\/\">\n\t\t\t\t\t\t<span class=\"elementor-button-content-wrapper\">\n\t\t\t\t\t\t\t\t\t<span class=\"elementor-button-text\">\u018ftrafl\u0131 oxu<\/span>\n\t\t\t\t\t<\/span>\n\t\t\t\t\t<\/a>\n\t\t\t\t<\/div>\n\t\t\t\t\t\t\t\t<\/div>\n\t\t\t\t<\/div>\n\t\t\t\t<\/div>\n\t\t\t\t<\/div>\n\t\t\t\t\t<\/div>\n\t\t\t\t<\/div>\n\t\t\t\t<\/div>\n\t\t","protected":false},"excerpt":{"rendered":"<p>\u018fsas \/ Page V\u018fK\u0130LL\u018fR H\u0259s\u0259n Q. N\u0259sibov Ba\u015f T\u0259r\u0259fda\u015f \u018ftrafl\u0131 oxu Nihad S. \u018fliyev T\u0259r\u0259fda\u015f \u018ftrafl\u0131 oxu \u015eahin M. Dada\u015fov [&hellip;]<\/p>\n","protected":false},"author":1,"featured_media":0,"parent":0,"menu_order":0,"comment_status":"closed","ping_status":"closed","template":"elementor_header_footer","meta":{"_acf_changed":false,"site-sidebar-layout":"no-sidebar","site-content-layout":"","ast-site-content-layout":"full-width-container","site-content-style":"default","site-sidebar-style":"default","ast-global-header-display":"","ast-banner-title-visibility":"","ast-main-header-display":"","ast-hfb-above-header-display":"","ast-hfb-below-header-display":"","ast-hfb-mobile-header-display":"","site-post-title":"disabled","ast-breadcrumbs-content":"","ast-featured-img":"disabled","footer-sml-layout":"","theme-transparent-header-meta":"","adv-header-id-meta":"","stick-header-meta":"","header-above-stick-meta":"","header-main-stick-meta":"","header-below-stick-meta":"","astra-migrate-meta-layouts":"default","ast-page-background-enabled":"default","ast-page-background-meta":{"desktop":{"background-color":"var(--ast-global-color-5)","background-image":"","background-repeat":"repeat","background-position":"center center","background-size":"auto","background-attachment":"scroll","background-type":"","background-media":"","overlay-type":"","overlay-color":"","overlay-opacity":"","overlay-gradient":""},"tablet":{"background-color":"","background-image":"","background-repeat":"repeat","background-position":"center center","background-size":"auto","background-attachment":"scroll","background-type":"","background-media":"","overlay-type":"","overlay-color":"","overlay-opacity":"","overlay-gradient":""},"mobile":{"background-color":"","background-image":"","background-repeat":"repeat","background-position":"center center","background-size":"auto","background-attachment":"scroll","background-type":"","background-media":"","overlay-type":"","overlay-color":"","overlay-opacity":"","overlay-gradient":""}},"ast-content-background-meta":{"desktop":{"background-color":"var(--ast-global-color-4)","background-image":"","background-repeat":"repeat","background-position":"center center","background-size":"auto","background-attachment":"scroll","background-type":"","background-media":"","overlay-type":"","overlay-color":"","overlay-opacity":"","overlay-gradient":""},"tablet":{"background-color":"var(--ast-global-color-4)","background-image":"","background-repeat":"repeat","background-position":"center center","background-size":"auto","background-attachment":"scroll","background-type":"","background-media":"","overlay-type":"","overlay-color":"","overlay-opacity":"","overlay-gradient":""},"mobile":{"background-color":"var(--ast-global-color-4)","background-image":"","background-repeat":"repeat","background-position":"center center","background-size":"auto","background-attachment":"scroll","background-type":"","background-media":"","overlay-type":"","overlay-color":"","overlay-opacity":"","overlay-gradient":""}},"footnotes":""},"class_list":["post-3034","page","type-page","status-publish","hentry"],"acf":[],"_links":{"self":[{"href":"https:\/\/hgns.az\/az\/wp-json\/wp\/v2\/pages\/3034","targetHints":{"allow":["GET"]}}],"collection":[{"href":"https:\/\/hgns.az\/az\/wp-json\/wp\/v2\/pages"}],"about":[{"href":"https:\/\/hgns.az\/az\/wp-json\/wp\/v2\/types\/page"}],"author":[{"embeddable":true,"href":"https:\/\/hgns.az\/az\/wp-json\/wp\/v2\/users\/1"}],"replies":[{"embeddable":true,"href":"https:\/\/hgns.az\/az\/wp-json\/wp\/v2\/comments?post=3034"}],"version-history":[{"count":3,"href":"https:\/\/hgns.az\/az\/wp-json\/wp\/v2\/pages\/3034\/revisions"}],"predecessor-version":[{"id":3210,"href":"https:\/\/hgns.az\/az\/wp-json\/wp\/v2\/pages\/3034\/revisions\/3210"}],"wp:attachment":[{"href":"https:\/\/hgns.az\/az\/wp-json\/wp\/v2\/media?parent=3034"}],"curies":[{"name":"wp","href":"https:\/\/api.w.org\/{rel}","templated":true}]}}